{"id":47,"date":"2017-03-03T11:40:55","date_gmt":"2017-03-03T10:40:55","guid":{"rendered":"http:\/\/lebocalapoissons.com\/?page_id=47"},"modified":"2023-03-10T19:37:38","modified_gmt":"2023-03-10T18:37:38","slug":"nos-dates","status":"publish","type":"page","link":"https:\/\/lebocalapoissons.com\/index.php\/nos-dates\/","title":{"rendered":"NOS DATES"},"content":{"rendered":"\t\t<div data-elementor-type=\"wp-page\" data-elementor-id=\"47\" class=\"elementor elementor-47\">\n\t\t\t\t\t\t<div class=\"elementor-inner\">\n\t\t\t\t<div class=\"elementor-section-wrap\">\n\t\t\t\t\t\t\t\t\t<section class=\"elementor-section elementor-top-section elementor-element elementor-element-17ea8caf elementor-section-boxed elementor-section-height-default elementor-section-height-default\" data-id=\"17ea8caf\" data-element_type=\"section\">\n\t\t\t\t\t\t<div class=\"elementor-container elementor-column-gap-default\">\n\t\t\t\t\t\t\t<div class=\"elementor-row\">\n\t\t\t\t\t<div class=\"elementor-column elementor-col-100 elementor-top-column elementor-element elementor-element-7c8b1b3b\" data-id=\"7c8b1b3b\" data-element_type=\"column\">\n\t\t\t<div class=\"elementor-column-wrap elementor-element-populated\">\n\t\t\t\t\t\t\t<div class=\"elementor-widget-wrap\">\n\t\t\t\t\t\t<div class=\"elementor-element elementor-element-6a216f29 elementor-widget elementor-widget-text-editor\" data-id=\"6a216f29\" data-element_type=\"widget\" data-widget_type=\"text-editor.default\">\n\t\t\t\t<div class=\"elementor-widget-container\">\n\t\t\t\t\t\t\t\t<div class=\"elementor-text-editor elementor-clearfix\">\n\t\t\t\t<p><!-- wp:paragraph --><\/p>\n<p>Retrouvez les renseignements pr\u00e9cis sur chaque repr\u00e9sentation dans l&rsquo;onglet \u00ab\u00a0nos spectacles\u00a0\u00bb.<\/p>\n<p><!-- \/wp:paragraph --><\/p>\n<h2 style=\"text-align: center;\">\u00a0<\/h2>\n<h1 style=\"text-align: center;\"><strong>D\u00e9sert Fertile<\/strong><\/h1>\n<p>Mardi 18 avril 2023 \u00e0 20h30 &#8211;\u00a0 <strong>Monaco<\/strong> \u00a0\u00a0 Th\u00e9\u00e2tre des vari\u00e9t\u00e9s<\/p>\n<p>Samedi 24 juin 2023<strong> &#8211; Quimper<\/strong> (29)<strong><br \/><\/strong><\/p>\n<p style=\"text-align: center;\">******<\/p>\n<h1 style=\"text-align: center;\"><strong>Il \u00e9tait une&#8230; Foi, Madeleine Delbr\u00eal<\/strong><\/h1>\n<p>\u00a0<\/p>\n<p>Samedi 11 mars 2023 &#8211; Angers (49)<\/p>\n<p><strong>\u00a0<\/strong><\/p>\n<p style=\"text-align: center;\">******<\/p>\n<h1 style=\"text-align: center;\">Lydie, Tim, Paul et les Autres<\/h1>\n<p>Samedi 4 mars 2023 &#8211; <strong>Vierzon<\/strong> (18)<\/p>\n<p>\u00a0<\/p>\n<p style=\"text-align: center;\">**********<\/p>\n<h1 style=\"text-align: center;\">On n&rsquo;aimera jamais assez<\/h1>\n<p>Jeudi 30 mars 2023 &#8211; Orl\u00e9ans (45)<\/p>\n<p>\u00a0<\/p>\n<p><strong>\u00a0<\/strong><\/p>\n<p>\u00a0<\/p>\n<h2 style=\"text-align: center;\"><strong>Pour plus de pr\u00e9cisions sur ces tourn\u00e9es<\/strong><\/h2>\n<h2 style=\"text-align: center;\"><strong> \u00e9crivez \u00e0 spectacles.lbap@gmail.com<\/strong><\/h2>\n<p>\u00a0<\/p>\n<p><!-- wp:paragraph --><\/p>\n<p>\u00a0<\/p>\n<p><!-- \/wp:paragraph --><\/p>\t\t\t\t\t<\/div>\n\t\t\t\t\t\t<\/div>\n\t\t\t\t<\/div>\n\t\t\t\t\t\t<\/div>\n\t\t\t\t\t<\/div>\n\t\t<\/div>\n\t\t\t\t\t\t\t\t<\/div>\n\t\t\t\t\t<\/div>\n\t\t<\/section>\n\t\t\t\t\t\t\t\t\t<\/div>\n\t\t\t<\/div>\n\t\t\t\t\t<\/div>\n\t\t","protected":false},"excerpt":{"rendered":"<p>Retrouvez les renseignements pr\u00e9cis sur chaque repr\u00e9sentation dans l&rsquo;onglet \u00ab\u00a0nos spectacles\u00a0\u00bb. \u00a0 D\u00e9sert Fertile Mardi 18 avril 2023 \u00e0 20h30 &#8211;\u00a0 Monaco \u00a0\u00a0 Th\u00e9\u00e2tre des vari\u00e9t\u00e9s Samedi 24 juin 2023 &#8211; Quimper (29) ****** Il \u00e9tait une&#8230; Foi, Madeleine Delbr\u00eal \u00a0 Samedi 11 mars 2023 &#8211; Angers (49) \u00a0 ****** Lydie, Tim, Paul et les &hellip; <a href=\"https:\/\/lebocalapoissons.com\/index.php\/nos-dates\/\" class=\"more-link\">Continuer la lecture de <span class=\"screen-reader-text\">NOS DATES<\/span>  <span class=\"meta-nav\">&rarr;<\/span><\/a><\/p>\n","protected":false},"author":1,"featured_media":0,"parent":0,"menu_order":0,"comment_status":"closed","ping_status":"closed","template":"","meta":[],"_links":{"self":[{"href":"https:\/\/lebocalapoissons.com\/index.php\/wp-json\/wp\/v2\/pages\/47"}],"collection":[{"href":"https:\/\/lebocalapoissons.com\/index.php\/wp-json\/wp\/v2\/pages"}],"about":[{"href":"https:\/\/lebocalapoissons.com\/index.php\/wp-json\/wp\/v2\/types\/page"}],"author":[{"embeddable":true,"href":"https:\/\/lebocalapoissons.com\/index.php\/wp-json\/wp\/v2\/users\/1"}],"replies":[{"embeddable":true,"href":"https:\/\/lebocalapoissons.com\/index.php\/wp-json\/wp\/v2\/comments?post=47"}],"version-history":[{"count":114,"href":"https:\/\/lebocalapoissons.com\/index.php\/wp-json\/wp\/v2\/pages\/47\/revisions"}],"predecessor-version":[{"id":1212,"href":"https:\/\/lebocalapoissons.com\/index.php\/wp-json\/wp\/v2\/pages\/47\/revisions\/1212"}],"wp:attachment":[{"href":"https:\/\/lebocalapoissons.com\/index.php\/wp-json\/wp\/v2\/media?parent=47"}],"curies":[{"name":"wp","href":"https:\/\/api.w.org\/{rel}","templated":true}]}}