{"id":7,"date":"2017-03-03T10:54:51","date_gmt":"2017-03-03T09:54:51","guid":{"rendered":"http:\/\/lebocalapoissons.com\/?page_id=7"},"modified":"2021-09-08T12:15:32","modified_gmt":"2021-09-08T10:15:32","slug":"accueil","status":"publish","type":"page","link":"https:\/\/lebocalapoissons.com\/index.php\/accueil\/","title":{"rendered":"Accueil"},"content":{"rendered":"<p><img loading=\"lazy\" class=\"wp-image-36 aligncenter\" src=\"http:\/\/lebocalapoissons.com\/wp-content\/uploads\/2017\/03\/BrunoDurand.jpg\" alt=\"\" width=\"274\" height=\"307\" \/><\/p>\n<p>La compagnie th\u00e9\u00e2trale La clef \u00e0 molette produit depuis plus de 30 ans les cr\u00e9ations de Bruno Durand.<\/p>\n<p>Des spectacles tout public, avec Xavier Chavari et leur duo comique choc frontal, ou encore des pi\u00e8ces abordant des sujets ou des personnalit\u00e9s d&rsquo;inspiration chr\u00e9tienne, St Paul, Charles de Foucauld, la vocation&#8230;<\/p>\n<div>\n<div>\n<div id=\"m_-5117103442825509440divtagdefaultwrapper\" dir=\"ltr\">\n<div>\n<div>\n<div id=\"m_-5117103442825509440divtagdefaultwrapper\" dir=\"ltr\">\n<div>\n<p>C&rsquo;est pour donner une meilleure visibilit\u00e9 \u00e0 ces spectacles-l\u00e0, que nous avons d\u00e9cid\u00e9 de cr\u00e9er en 2017, le label <b>Le Bocal \u00e0 Poissons.<\/b><\/p>\n<p>Les spectacles du Bocal \u00e0 Poissons sont r\u00e9guli\u00e8rement en tourn\u00e9e, nous sommes \u00e0 votre disposition pour r\u00e9pondre \u00e0 vos questions et vous aider \u00e0 les accueillir dans les meilleures conditions.<\/p>\n<div>Les eaux de notre Bocal \u00e0 Poissons ne sont pas aussi calmes que celles d&rsquo;aquarium classique et de prochains bans de spectacles appara\u00eetront d&rsquo;ici quelques mois, m\u00eame s&rsquo;ils ne sont \u00e0 l&rsquo;heure actuelle qu&rsquo;\u00e0 l&rsquo;\u00e9tat d&rsquo;alevins.<\/div>\n<\/div>\n<\/div>\n<\/div>\n<\/div>\n<\/div>\n<\/div>\n<\/div>\n","protected":false},"excerpt":{"rendered":"<p>La compagnie th\u00e9\u00e2trale La clef \u00e0 molette produit depuis plus de 30 ans les cr\u00e9ations de Bruno Durand. Des spectacles tout public, avec Xavier Chavari et leur duo comique choc frontal, ou encore des pi\u00e8ces abordant des sujets ou des personnalit\u00e9s d&rsquo;inspiration chr\u00e9tienne, St Paul, Charles de Foucauld, la vocation&#8230; C&rsquo;est pour donner une meilleure &hellip; <a href=\"https:\/\/lebocalapoissons.com\/index.php\/accueil\/\" class=\"more-link\">Continuer la lecture de <span class=\"screen-reader-text\">Accueil<\/span>  <span class=\"meta-nav\">&rarr;<\/span><\/a><\/p>\n","protected":false},"author":1,"featured_media":0,"parent":0,"menu_order":0,"comment_status":"closed","ping_status":"closed","template":"","meta":[],"_links":{"self":[{"href":"https:\/\/lebocalapoissons.com\/index.php\/wp-json\/wp\/v2\/pages\/7"}],"collection":[{"href":"https:\/\/lebocalapoissons.com\/index.php\/wp-json\/wp\/v2\/pages"}],"about":[{"href":"https:\/\/lebocalapoissons.com\/index.php\/wp-json\/wp\/v2\/types\/page"}],"author":[{"embeddable":true,"href":"https:\/\/lebocalapoissons.com\/index.php\/wp-json\/wp\/v2\/users\/1"}],"replies":[{"embeddable":true,"href":"https:\/\/lebocalapoissons.com\/index.php\/wp-json\/wp\/v2\/comments?post=7"}],"version-history":[{"count":6,"href":"https:\/\/lebocalapoissons.com\/index.php\/wp-json\/wp\/v2\/pages\/7\/revisions"}],"predecessor-version":[{"id":899,"href":"https:\/\/lebocalapoissons.com\/index.php\/wp-json\/wp\/v2\/pages\/7\/revisions\/899"}],"wp:attachment":[{"href":"https:\/\/lebocalapoissons.com\/index.php\/wp-json\/wp\/v2\/media?parent=7"}],"curies":[{"name":"wp","href":"https:\/\/api.w.org\/{rel}","templated":true}]}}